{"id":375,"date":"2019-05-30T09:17:59","date_gmt":"2019-05-30T09:17:59","guid":{"rendered":"http:\/\/www.philippines-cebu.com\/?page_id=375"},"modified":"2024-01-06T04:49:23","modified_gmt":"2024-01-06T04:49:23","slug":"well-being","status":"publish","type":"page","link":"https:\/\/www.dolphin-house.com\/fr\/well-being\/","title":{"rendered":"Bien-\u00eatre"},"content":{"rendered":"<div class=\"wpb-content-wrapper\"><p><\/p>\n<p>[vc_row full_width=&#8221;stretch_row_content_no_spaces&#8221; full_height=&#8221;yes&#8221;][vc_column][rev_slider_vc alias=&#8221;wellbeing&#8221;][\/vc_column][\/vc_row][vc_row full_width=&#8221;stretch_row&#8221; full_height=&#8221;yes&#8221; css=&#8221;.vc_custom_1560062882998{padding-top: 40px !important;padding-bottom: 0px !important;background-color: #000000 !important;}&#8221;][vc_column][vc_column_text]<div id='1' class='widgets_on_page wop_tiny1  wop_small1  wop_medium1  wop_large1  wop_wide1'>\n\t\t\t<ul><style type=\"text\/css\">\n.qtranxs_widget ul { margin: 0; }\r\n.qtranxs_widget ul li\r\n{\r\ndisplay: inline; \/* horizontal list, use \"list-item\" or other appropriate value for vertical list *\/\r\nlist-style-type: none; \/* use \"initial\" or other to enable bullets *\/\r\nmargin: 0 5px 0 0; \/* adjust spacing between items *\/\r\nopacity: 0.5;\r\n-o-transition: 1s ease opacity;\r\n-moz-transition: 1s ease opacity;\r\n-webkit-transition: 1s ease opacity;\r\ntransition: 1s ease opacity;\r\n}\r\n\/* .qtranxs_widget ul li span { margin: 0 5px 0 0; } *\/ \/* other way to control spacing *\/\r\n.qtranxs_widget ul li.active { opacity: 0.8; }\r\n.qtranxs_widget ul li:hover { opacity: 1; }\r\n.qtranxs_widget img { height:18px; width:30px; box-shadow: none; vertical-align: middle; display: initial; }\r\n.qtranxs_flag_and_text { padding-left:10px; }\r\n.qtranxs_flag span { display:none; }\r\n<\/style>\n<li id=\"qtranslate-2\" class=\"widget qtranxs_widget\">\n<ul class=\"language-chooser language-chooser-image qtranxs_language_chooser\" id=\"qtranslate-2-chooser\">\n<li class=\"lang-en\"><a href=\"https:\/\/www.dolphin-house.com\/en\/wp-json\/wp\/v2\/pages\/375\" hreflang=\"en\" title=\"English (en)\" class=\"qtranxs_image qtranxs_image_en\"><img decoding=\"async\" src=\"https:\/\/www.dolphin-house.com\/wp-content\/plugins\/qtranslate-x\/flags\/gb.png\" alt=\"English (en)\" \/><span style=\"display:none\">English<\/span><\/a><\/li>\n<li class=\"lang-fr active\"><a href=\"https:\/\/www.dolphin-house.com\/fr\/wp-json\/wp\/v2\/pages\/375\" hreflang=\"fr\" title=\"Fran\u00e7ais (fr)\" class=\"qtranxs_image qtranxs_image_fr\"><img decoding=\"async\" src=\"https:\/\/www.dolphin-house.com\/wp-content\/plugins\/qtranslate-x\/flags\/fr.png\" alt=\"Fran\u00e7ais (fr)\" \/><span style=\"display:none\">Fran\u00e7ais<\/span><\/a><\/li>\n<li class=\"lang-de\"><a href=\"https:\/\/www.dolphin-house.com\/de\/wp-json\/wp\/v2\/pages\/375\" hreflang=\"de\" title=\"Deutsch (de)\" class=\"qtranxs_image qtranxs_image_de\"><img decoding=\"async\" src=\"https:\/\/www.dolphin-house.com\/wp-content\/plugins\/qtranslate-x\/flags\/de.png\" alt=\"Deutsch (de)\" \/><span style=\"display:none\">Deutsch<\/span><\/a><\/li>\n<\/ul><div class=\"qtranxs_widget_end\"><\/div>\n<\/li><\/ul><\/div><!-- widgets_on_page -->[\/vc_column_text][vc_custom_heading text=&#8221;Bien-\u00eatre&#8221; font_container=&#8221;tag:h1|text_align:center|color:%23ffffff&#8221; google_fonts=&#8221;font_family:Cinzel%3Aregular%2C700%2C900|font_style:400%20regular%3A400%3Anormal&#8221;][vc_column_text]<\/p>\n<p style=\"text-align: center;\"><a href=\"https:\/\/app-apac.thebookingbutton.com\/properties\/dolphinhousemoalboaldirect\" target=\"_blank\" rel=\"noopener noreferrer\"><img loading=\"lazy\" decoding=\"async\" class=\"alignnone wp-image-648\" src=\"http:\/\/www.dolphin-house.com\/wp-content\/uploads\/2019\/10\/book-now_fr-300x105.png\" alt=\"\" width=\"120\" height=\"42\" srcset=\"https:\/\/www.dolphin-house.com\/wp-content\/uploads\/2019\/10\/book-now_fr-300x105.png 300w, https:\/\/www.dolphin-house.com\/wp-content\/uploads\/2019\/10\/book-now_fr-24x8.png 24w, https:\/\/www.dolphin-house.com\/wp-content\/uploads\/2019\/10\/book-now_fr-36x13.png 36w, https:\/\/www.dolphin-house.com\/wp-content\/uploads\/2019\/10\/book-now_fr-48x17.png 48w, https:\/\/www.dolphin-house.com\/wp-content\/uploads\/2019\/10\/book-now_fr.png 617w\" sizes=\"(max-width: 120px) 100vw, 120px\" \/><\/a><\/p>\n<p>[\/vc_column_text][vc_single_image image=&#8221;253&#8243; img_size=&#8221;full&#8221; alignment=&#8221;center&#8221;][vc_custom_heading text=&#8221;Nous veillerons \u00e0 ce que votre s\u00e9jour parmi nous soit aussi parfait que possible avec une s\u00e9lection de massages et de soins de spa et beaucoup de d\u00e9tente dans notre paradis tropical&#8221; font_container=&#8221;tag:h6|text_align:center|color:%23ffffff|line_height:1.5&#8243; google_fonts=&#8221;font_family:Volkhov%3Aregular%2Citalic%2C700%2C700italic|font_style:400%20italic%3A400%3Aitalic&#8221;][vc_row_inner][vc_column_inner][\/vc_column_inner][\/vc_row_inner][\/vc_column][\/vc_row][vc_row full_width=&#8221;stretch_row&#8221; css=&#8221;.vc_custom_1559207297677{padding-top: 40px !important;padding-bottom: 10px !important;background-color: #ffffff !important;}&#8221;][vc_column][vc_column_text]<\/p>\n<h4 style=\"color: #000000; border-bottom: 1px solid red; text-align: left;\">Le centre de SPA &amp; Massage<\/h4>\n<p style=\"color: #000000; text-align: left;\">Laissez-vous dorloter par nos mains expertes avec une large gamme de soins tels que manucure, p\u00e9dicure, soins du visage et divers types de massages.<br \/>\nProfitez de notre SPA face \u00e0 l\u2019oc\u00e9an turquoise offrant des possibilit\u00e9s telles que le massage traditionnel Philippino Hilot, les massages su\u00e9dois et shiatsu, les massages tha\u00eflandais traditionnels, les massages des pieds et du dos, les massages du visage et la manucure, la p\u00e9dicure ou le spa pour les pieds.<\/p>\n<p>[\/vc_column_text][\/vc_column][\/vc_row][vc_row full_width=&#8221;stretch_row&#8221;][vc_column][vc_column_text]<\/p>\n<style type=\"text\/css\">\r\n\t#foogallery-gallery-549_1 .fg-image {\r\n        width: 250px;\r\n    }\r\n<\/style>\r\n\t\t\t\t<div class=\"foogallery foogallery-container foogallery-default foogallery-lightbox-foobox fg-gutter-10 fg-center fg-default fg-dark fg-border-thin fg-shadow-outline fg-loading-default fg-loaded-fade-in fg-hover-scale fg-caption-hover fg-hover-fade fg-hover-zoom fg-ready\" id=\"foogallery-gallery-549_1\" data-foogallery=\"{&quot;item&quot;:{&quot;showCaptionTitle&quot;:true,&quot;showCaptionDescription&quot;:true},&quot;lazy&quot;:true,&quot;paging&quot;:{&quot;type&quot;:&quot;dots&quot;,&quot;theme&quot;:&quot;fg-light&quot;,&quot;size&quot;:4,&quot;position&quot;:&quot;bottom&quot;,&quot;scrollToTop&quot;:false,&quot;output&quot;:&quot;html&quot;}}\" >\r\n\t<div class=\"fg-item fg-type-image fg-idle\"><figure class=\"fg-item-inner\"><a href=\"https:\/\/www.dolphin-house.com\/wp-content\/uploads\/2019\/05\/Martin-SPA-09.jpg\" data-attachment-id=\"67\" data-type=\"image\" class=\"fg-thumb\"><span class=\"fg-image-wrap\"><img decoding=\"async\" width=\"250\" height=\"150\" class=\"skip-lazy fg-image\" data-src-fg=\"https:\/\/www.dolphin-house.com\/wp-content\/uploads\/cache\/2019\/05\/Martin-SPA-09\/275152933.jpg\" src=\"data:image\/svg+xml,%3Csvg%20xmlns%3D%22http%3A%2F%2Fwww.w3.org%2F2000%2Fsvg%22%20width%3D%22250%22%20height%3D%22150%22%20viewBox%3D%220%200%20250%20150%22%3E%3C%2Fsvg%3E\" loading=\"eager\"><\/span><span class=\"fg-image-overlay\"><\/span><\/a><figcaption class=\"fg-caption\"><div class=\"fg-caption-inner\"><\/div><\/figcaption><\/figure><div class=\"fg-loader\"><\/div><\/div><div class=\"fg-item fg-type-image fg-idle\"><figure class=\"fg-item-inner\"><a href=\"https:\/\/www.dolphin-house.com\/wp-content\/uploads\/2019\/05\/Martin-SPA-11.jpg\" data-attachment-id=\"68\" data-type=\"image\" class=\"fg-thumb\"><span class=\"fg-image-wrap\"><img decoding=\"async\" width=\"250\" height=\"150\" class=\"skip-lazy fg-image\" data-src-fg=\"https:\/\/www.dolphin-house.com\/wp-content\/uploads\/cache\/2019\/05\/Martin-SPA-11\/3061865528.jpg\" src=\"data:image\/svg+xml,%3Csvg%20xmlns%3D%22http%3A%2F%2Fwww.w3.org%2F2000%2Fsvg%22%20width%3D%22250%22%20height%3D%22150%22%20viewBox%3D%220%200%20250%20150%22%3E%3C%2Fsvg%3E\" loading=\"eager\"><\/span><span class=\"fg-image-overlay\"><\/span><\/a><figcaption class=\"fg-caption\"><div class=\"fg-caption-inner\"><\/div><\/figcaption><\/figure><div class=\"fg-loader\"><\/div><\/div><div class=\"fg-item fg-type-image fg-idle\"><figure class=\"fg-item-inner\"><a href=\"https:\/\/www.dolphin-house.com\/wp-content\/uploads\/2019\/05\/Martin-SPA-16.jpg\" data-attachment-id=\"69\" data-type=\"image\" class=\"fg-thumb\"><span class=\"fg-image-wrap\"><img decoding=\"async\" width=\"250\" height=\"150\" class=\"skip-lazy fg-image\" data-src-fg=\"https:\/\/www.dolphin-house.com\/wp-content\/uploads\/cache\/2019\/05\/Martin-SPA-16\/3061944268.jpg\" src=\"data:image\/svg+xml,%3Csvg%20xmlns%3D%22http%3A%2F%2Fwww.w3.org%2F2000%2Fsvg%22%20width%3D%22250%22%20height%3D%22150%22%20viewBox%3D%220%200%20250%20150%22%3E%3C%2Fsvg%3E\" loading=\"eager\"><\/span><span class=\"fg-image-overlay\"><\/span><\/a><figcaption class=\"fg-caption\"><div class=\"fg-caption-inner\"><\/div><\/figcaption><\/figure><div class=\"fg-loader\"><\/div><\/div><div class=\"fg-item fg-type-image fg-idle\"><figure class=\"fg-item-inner\"><a href=\"https:\/\/www.dolphin-house.com\/wp-content\/uploads\/2019\/05\/SPA-oct2006-45.jpg\" data-attachment-id=\"166\" data-type=\"image\" class=\"fg-thumb\"><span class=\"fg-image-wrap\"><img decoding=\"async\" width=\"250\" height=\"150\" class=\"skip-lazy fg-image\" data-src-fg=\"https:\/\/www.dolphin-house.com\/wp-content\/uploads\/cache\/2019\/05\/SPA-oct2006-45\/1263898127.jpg\" src=\"data:image\/svg+xml,%3Csvg%20xmlns%3D%22http%3A%2F%2Fwww.w3.org%2F2000%2Fsvg%22%20width%3D%22250%22%20height%3D%22150%22%20viewBox%3D%220%200%20250%20150%22%3E%3C%2Fsvg%3E\" loading=\"eager\"><\/span><span class=\"fg-image-overlay\"><\/span><\/a><figcaption class=\"fg-caption\"><div class=\"fg-caption-inner\"><\/div><\/figcaption><\/figure><div class=\"fg-loader\"><\/div><\/div><div class=\"fg-item fg-type-image fg-idle fg-hidden\"><figure class=\"fg-item-inner\"><a href=\"https:\/\/www.dolphin-house.com\/wp-content\/uploads\/2019\/05\/spa08.jpg\" data-attachment-id=\"165\" data-type=\"image\" class=\"fg-thumb\"><span class=\"fg-image-wrap\"><img decoding=\"async\" width=\"250\" height=\"150\" class=\"skip-lazy fg-image\" data-src-fg=\"https:\/\/www.dolphin-house.com\/wp-content\/uploads\/cache\/2019\/05\/spa08\/1498345735.jpg\" src=\"data:image\/svg+xml,%3Csvg%20xmlns%3D%22http%3A%2F%2Fwww.w3.org%2F2000%2Fsvg%22%20width%3D%22250%22%20height%3D%22150%22%20viewBox%3D%220%200%20250%20150%22%3E%3C%2Fsvg%3E\" loading=\"eager\"><\/span><span class=\"fg-image-overlay\"><\/span><\/a><figcaption class=\"fg-caption\"><div class=\"fg-caption-inner\"><\/div><\/figcaption><\/figure><div class=\"fg-loader\"><\/div><\/div><div class=\"fg-item fg-type-image fg-idle fg-hidden\"><figure class=\"fg-item-inner\"><a href=\"https:\/\/www.dolphin-house.com\/wp-content\/uploads\/2019\/05\/spa07.jpg\" data-attachment-id=\"164\" data-type=\"image\" class=\"fg-thumb\"><span class=\"fg-image-wrap\"><img decoding=\"async\" width=\"250\" height=\"150\" class=\"skip-lazy fg-image\" data-src-fg=\"https:\/\/www.dolphin-house.com\/wp-content\/uploads\/cache\/2019\/05\/spa07\/363399995.jpg\" src=\"data:image\/svg+xml,%3Csvg%20xmlns%3D%22http%3A%2F%2Fwww.w3.org%2F2000%2Fsvg%22%20width%3D%22250%22%20height%3D%22150%22%20viewBox%3D%220%200%20250%20150%22%3E%3C%2Fsvg%3E\" loading=\"eager\"><\/span><span class=\"fg-image-overlay\"><\/span><\/a><figcaption class=\"fg-caption\"><div class=\"fg-caption-inner\"><\/div><\/figcaption><\/figure><div class=\"fg-loader\"><\/div><\/div><div class=\"fg-item fg-type-image fg-idle fg-hidden\"><figure class=\"fg-item-inner\"><a href=\"https:\/\/www.dolphin-house.com\/wp-content\/uploads\/2019\/05\/spa06.jpg\" data-attachment-id=\"163\" data-type=\"image\" class=\"fg-thumb\"><span class=\"fg-image-wrap\"><img decoding=\"async\" width=\"250\" height=\"150\" class=\"skip-lazy fg-image\" data-src-fg=\"https:\/\/www.dolphin-house.com\/wp-content\/uploads\/cache\/2019\/05\/spa06\/2260114647.jpg\" src=\"data:image\/svg+xml,%3Csvg%20xmlns%3D%22http%3A%2F%2Fwww.w3.org%2F2000%2Fsvg%22%20width%3D%22250%22%20height%3D%22150%22%20viewBox%3D%220%200%20250%20150%22%3E%3C%2Fsvg%3E\" loading=\"eager\"><\/span><span class=\"fg-image-overlay\"><\/span><\/a><figcaption class=\"fg-caption\"><div class=\"fg-caption-inner\"><\/div><\/figcaption><\/figure><div class=\"fg-loader\"><\/div><\/div><div class=\"fg-item fg-type-image fg-idle fg-hidden\"><figure class=\"fg-item-inner\"><a href=\"https:\/\/www.dolphin-house.com\/wp-content\/uploads\/2019\/05\/spa05.jpg\" data-attachment-id=\"162\" data-type=\"image\" class=\"fg-thumb\"><span class=\"fg-image-wrap\"><img decoding=\"async\" width=\"250\" height=\"150\" class=\"skip-lazy fg-image\" data-src-fg=\"https:\/\/www.dolphin-house.com\/wp-content\/uploads\/cache\/2019\/05\/spa05\/2650698660.jpg\" src=\"data:image\/svg+xml,%3Csvg%20xmlns%3D%22http%3A%2F%2Fwww.w3.org%2F2000%2Fsvg%22%20width%3D%22250%22%20height%3D%22150%22%20viewBox%3D%220%200%20250%20150%22%3E%3C%2Fsvg%3E\" loading=\"eager\"><\/span><span class=\"fg-image-overlay\"><\/span><\/a><figcaption class=\"fg-caption\"><div class=\"fg-caption-inner\"><\/div><\/figcaption><\/figure><div class=\"fg-loader\"><\/div><\/div><div class=\"fg-item fg-type-image fg-idle fg-hidden\"><figure class=\"fg-item-inner\"><a href=\"https:\/\/www.dolphin-house.com\/wp-content\/uploads\/2019\/05\/spa04.jpg\" data-attachment-id=\"161\" data-type=\"image\" class=\"fg-thumb\"><span class=\"fg-image-wrap\"><img decoding=\"async\" width=\"250\" height=\"150\" class=\"skip-lazy fg-image\" data-src-fg=\"https:\/\/www.dolphin-house.com\/wp-content\/uploads\/cache\/2019\/05\/spa04\/879578315.jpg\" src=\"data:image\/svg+xml,%3Csvg%20xmlns%3D%22http%3A%2F%2Fwww.w3.org%2F2000%2Fsvg%22%20width%3D%22250%22%20height%3D%22150%22%20viewBox%3D%220%200%20250%20150%22%3E%3C%2Fsvg%3E\" loading=\"eager\"><\/span><span class=\"fg-image-overlay\"><\/span><\/a><figcaption class=\"fg-caption\"><div class=\"fg-caption-inner\"><\/div><\/figcaption><\/figure><div class=\"fg-loader\"><\/div><\/div><div class=\"fg-item fg-type-image fg-idle fg-hidden\"><figure class=\"fg-item-inner\"><a href=\"https:\/\/www.dolphin-house.com\/wp-content\/uploads\/2019\/05\/spa03.jpg\" data-attachment-id=\"160\" data-type=\"image\" class=\"fg-thumb\"><span class=\"fg-image-wrap\"><img decoding=\"async\" width=\"250\" height=\"150\" class=\"skip-lazy fg-image\" data-src-fg=\"https:\/\/www.dolphin-house.com\/wp-content\/uploads\/cache\/2019\/05\/spa03\/2876222786.jpg\" src=\"data:image\/svg+xml,%3Csvg%20xmlns%3D%22http%3A%2F%2Fwww.w3.org%2F2000%2Fsvg%22%20width%3D%22250%22%20height%3D%22150%22%20viewBox%3D%220%200%20250%20150%22%3E%3C%2Fsvg%3E\" loading=\"eager\"><\/span><span class=\"fg-image-overlay\"><\/span><\/a><figcaption class=\"fg-caption\"><div class=\"fg-caption-inner\"><\/div><\/figcaption><\/figure><div class=\"fg-loader\"><\/div><\/div><div class=\"fg-item fg-type-image fg-idle fg-hidden\"><figure class=\"fg-item-inner\"><a href=\"https:\/\/www.dolphin-house.com\/wp-content\/uploads\/2019\/05\/spa02.jpg\" data-attachment-id=\"159\" data-type=\"image\" class=\"fg-thumb\"><span class=\"fg-image-wrap\"><img decoding=\"async\" width=\"250\" height=\"150\" class=\"skip-lazy fg-image\" data-src-fg=\"https:\/\/www.dolphin-house.com\/wp-content\/uploads\/cache\/2019\/05\/spa02\/1304752127.jpg\" src=\"data:image\/svg+xml,%3Csvg%20xmlns%3D%22http%3A%2F%2Fwww.w3.org%2F2000%2Fsvg%22%20width%3D%22250%22%20height%3D%22150%22%20viewBox%3D%220%200%20250%20150%22%3E%3C%2Fsvg%3E\" loading=\"eager\"><\/span><span class=\"fg-image-overlay\"><\/span><\/a><figcaption class=\"fg-caption\"><div class=\"fg-caption-inner\"><\/div><\/figcaption><\/figure><div class=\"fg-loader\"><\/div><\/div><div class=\"fg-item fg-type-image fg-idle fg-hidden\"><figure class=\"fg-item-inner\"><a href=\"https:\/\/www.dolphin-house.com\/wp-content\/uploads\/2019\/05\/spa01.jpg\" data-attachment-id=\"158\" data-type=\"image\" class=\"fg-thumb\"><span class=\"fg-image-wrap\"><img decoding=\"async\" width=\"250\" height=\"150\" class=\"skip-lazy fg-image\" data-src-fg=\"https:\/\/www.dolphin-house.com\/wp-content\/uploads\/cache\/2019\/05\/spa01\/1452015756.jpg\" src=\"data:image\/svg+xml,%3Csvg%20xmlns%3D%22http%3A%2F%2Fwww.w3.org%2F2000%2Fsvg%22%20width%3D%22250%22%20height%3D%22150%22%20viewBox%3D%220%200%20250%20150%22%3E%3C%2Fsvg%3E\" loading=\"eager\"><\/span><span class=\"fg-image-overlay\"><\/span><\/a><figcaption class=\"fg-caption\"><div class=\"fg-caption-inner\"><\/div><\/figcaption><\/figure><div class=\"fg-loader\"><\/div><\/div><\/div>\r\n<nav id=\"foogallery-gallery-549_1_paging-bottom\" class=\"fg-paging-container fg-ph-dots\"><\/nav>\n<p>[\/vc_column_text][\/vc_column][\/vc_row][vc_row full_width=&#8221;stretch_row&#8221; css=&#8221;.vc_custom_1559207984171{padding-top: 50px !important;padding-bottom: 20px !important;background-color: #000000 !important;}&#8221;][vc_column width=&#8221;1\/4&#8243;][vc_column_text]<\/p>\n<h4 style=\"color: #ffffff; border-bottom: 1px solid red; text-align: left;\">Piscine \/ Jardin<\/h4>\n<p style=\"color: #ffffff; text-align: left;\">Profitez du soleil sur un transat confortable ou faites un plongeon dans notre piscine. Il y a aussi un bassin peu profond pour les enfants.<\/p>\n<p>[\/vc_column_text][\/vc_column][vc_column width=&#8221;3\/4&#8243;][vc_column_text]<div class=\"arve\" data-mode=\"normal\" data-provider=\"iframe\" id=\"arve-iframe-6a06c0c60b64c343404549\">\n<span class=\"arve-inner\">\n<span class=\"arve-embed arve-embed--has-aspect-ratio\" style=\"aspect-ratio: 3 \/ 1\">\n<span class=\"arve-ar\" style=\"padding-top:33.333333%\"><\/span><iframe allow=\"accelerometer; autoplay; clipboard-write; encrypted-media; gyroscope; picture-in-picture\" allowfullscreen class=\"arve-iframe fitvidsignore\" data-arve=\"arve-iframe-6a06c0c60b64c343404549\" data-src-no-ap=\"http:\/\/www.dolphin-house.com\/virtualtours\/dh2019\/pool.html\" frameborder=\"0\" height=\"0\" sandbox=\"allow-scripts allow-same-origin allow-presentation allow-popups allow-popups-to-escape-sandbox\" scrolling=\"no\" src=\"http:\/\/www.dolphin-house.com\/virtualtours\/dh2019\/pool.html\"><\/iframe>\n\n<\/span>\n\n<\/span>\n<script type=\"application\/ld+json\">{\"@context\":\"http:\\\/\\\/schema.org\\\/\",\"@id\":\"https:\\\/\\\/www.dolphin-house.com\\\/fr\\\/well-being\\\/#arve-iframe-6a06c0c60b64c343404549\",\"type\":\"VideoObject\",\"embedURL\":\"http:\\\/\\\/www.dolphin-house.com\\\/virtualtours\\\/dh2019\\\/pool.html\"}<\/script>\n<\/div>\n[\/vc_column_text][\/vc_column][\/vc_row][vc_row full_width=&#8221;stretch_row&#8221; css=&#8221;.vc_custom_1559207976145{padding-top: 40px !important;padding-bottom: 10px !important;background-color: #ffffff !important;}&#8221;][vc_column width=&#8221;1\/4&#8243;][vc_column_text]<\/p>\n<h4 style=\"color: #000000; border-bottom: 1px solid red; text-align: left;\">Vue sur la mer \/ Coucher de soleil<\/h4>\n<p style=\"color: #000000; text-align: left;\">Le long de la c\u00f4te, vous pourrez profiter de nombreuses chaises longues, des &#8220;salons de th\u00e9&#8221;, un peu sur\u00e9lev\u00e9 surplombant l&#8217;oc\u00e9an, juste \u00e0 l&#8217;ombre des palmiers et de la verdure avec une vue magnifique sur le coucher de soleil.<\/p>\n<p>[\/vc_column_text][\/vc_column][vc_column width=&#8221;3\/4&#8243;][vc_column_text]<img loading=\"lazy\" decoding=\"async\" class=\"alignnone wp-image-169 size-full\" src=\"http:\/\/www.dolphin-house.com\/wp-content\/uploads\/2019\/05\/sunset_background2.jpg\" alt=\"\" width=\"1000\" height=\"250\" srcset=\"https:\/\/www.dolphin-house.com\/wp-content\/uploads\/2019\/05\/sunset_background2.jpg 1000w, https:\/\/www.dolphin-house.com\/wp-content\/uploads\/2019\/05\/sunset_background2-300x75.jpg 300w, https:\/\/www.dolphin-house.com\/wp-content\/uploads\/2019\/05\/sunset_background2-768x192.jpg 768w, https:\/\/www.dolphin-house.com\/wp-content\/uploads\/2019\/05\/sunset_background2-24x6.jpg 24w, https:\/\/www.dolphin-house.com\/wp-content\/uploads\/2019\/05\/sunset_background2-36x9.jpg 36w, https:\/\/www.dolphin-house.com\/wp-content\/uploads\/2019\/05\/sunset_background2-48x12.jpg 48w\" sizes=\"(max-width: 1000px) 100vw, 1000px\" \/>[\/vc_column_text][\/vc_column][\/vc_row]<\/p>\n<p><\/p>\n<\/div>","protected":false},"excerpt":{"rendered":"<p>[vc_row full_width=&#8221;stretch_row_content_no_spaces&#8221; full_height=&#8221;yes&#8221;][vc_column][rev_slider_vc alias=&#8221;wellbeing&#8221;][\/vc_column][\/vc_row][vc_row full_width=&#8221;stretch_row&#8221; full_height=&#8221;yes&#8221; css=&#8221;.vc_custom_1560062882998{padding-top: 40px !important;padding-bottom: 0px !important;background-color: #000000 !important;}&#8221;][vc_column][vc_column_text][\/vc_column_text][vc_custom_heading text=&#8221;Bien-\u00eatre&#8221; font_container=&#8221;tag:h1|text_align:center|color:%23ffffff&#8221; google_fonts=&#8221;font_family:Cinzel%3Aregular%2C700%2C900|font_style:400%20regular%3A400%3Anormal&#8221;][vc_column_text] [\/vc_column_text][vc_single_image image=&#8221;253&#8243; img_size=&#8221;full&#8221; alignment=&#8221;center&#8221;][vc_custom_heading text=&#8221;Nous veillerons \u00e0 ce que votre s\u00e9jour parmi nous soit aussi parfait que possible avec une s\u00e9lection de massages et de soins de spa et beaucoup de d\u00e9tente dans notre paradis tropical&#8221; font_container=&#8221;tag:h6|text_align:center|color:%23ffffff|line_height:1.5&#8243; google_fonts=&#8221;font_family:Volkhov%3Aregular%2Citalic%2C700%2C700italic|font_style:400%20italic%3A400%3Aitalic&#8221;][vc_row_inner][vc_column_inner][\/vc_column_inner][\/vc_row_inner][\/vc_column][\/vc_row][vc_row full_width=&#8221;stretch_row&#8221; [&hellip;]<\/p>\n","protected":false},"author":1,"featured_media":0,"parent":0,"menu_order":0,"comment_status":"closed","ping_status":"closed","template":"","meta":{"footnotes":""},"_links":{"self":[{"href":"https:\/\/www.dolphin-house.com\/fr\/wp-json\/wp\/v2\/pages\/375"}],"collection":[{"href":"https:\/\/www.dolphin-house.com\/fr\/wp-json\/wp\/v2\/pages"}],"about":[{"href":"https:\/\/www.dolphin-house.com\/fr\/wp-json\/wp\/v2\/types\/page"}],"author":[{"embeddable":true,"href":"https:\/\/www.dolphin-house.com\/fr\/wp-json\/wp\/v2\/users\/1"}],"replies":[{"embeddable":true,"href":"https:\/\/www.dolphin-house.com\/fr\/wp-json\/wp\/v2\/comments?post=375"}],"version-history":[{"count":21,"href":"https:\/\/www.dolphin-house.com\/fr\/wp-json\/wp\/v2\/pages\/375\/revisions"}],"predecessor-version":[{"id":771,"href":"https:\/\/www.dolphin-house.com\/fr\/wp-json\/wp\/v2\/pages\/375\/revisions\/771"}],"wp:attachment":[{"href":"https:\/\/www.dolphin-house.com\/fr\/wp-json\/wp\/v2\/media?parent=375"}],"curies":[{"name":"wp","href":"https:\/\/api.w.org\/{rel}","templated":true}]}}