{"id":337,"date":"2019-05-30T02:55:18","date_gmt":"2019-05-30T02:55:18","guid":{"rendered":"http:\/\/www.philippines-cebu.com\/?page_id=337"},"modified":"2024-01-06T04:55:00","modified_gmt":"2024-01-06T04:55:00","slug":"food-beverage","status":"publish","type":"page","link":"https:\/\/www.dolphin-house.com\/fr\/food-beverage\/","title":{"rendered":"Restauration"},"content":{"rendered":"<div class=\"wpb-content-wrapper\"><p><\/p>\n<p>[vc_row full_width=&#8221;stretch_row_content_no_spaces&#8221; full_height=&#8221;yes&#8221;][vc_column][rev_slider_vc alias=&#8221;wellbeing&#8221;][\/vc_column][\/vc_row][vc_row full_width=&#8221;stretch_row&#8221; full_height=&#8221;yes&#8221; css=&#8221;.vc_custom_1560062642749{padding-top: 40px !important;padding-bottom: 0px !important;background-color: #000000 !important;}&#8221;][vc_column][vc_column_text]<div id='1' class='widgets_on_page wop_tiny1  wop_small1  wop_medium1  wop_large1  wop_wide1'>\n\t\t\t<ul><style type=\"text\/css\">\n.qtranxs_widget ul { margin: 0; }\r\n.qtranxs_widget ul li\r\n{\r\ndisplay: inline; \/* horizontal list, use \"list-item\" or other appropriate value for vertical list *\/\r\nlist-style-type: none; \/* use \"initial\" or other to enable bullets *\/\r\nmargin: 0 5px 0 0; \/* adjust spacing between items *\/\r\nopacity: 0.5;\r\n-o-transition: 1s ease opacity;\r\n-moz-transition: 1s ease opacity;\r\n-webkit-transition: 1s ease opacity;\r\ntransition: 1s ease opacity;\r\n}\r\n\/* .qtranxs_widget ul li span { margin: 0 5px 0 0; } *\/ \/* other way to control spacing *\/\r\n.qtranxs_widget ul li.active { opacity: 0.8; }\r\n.qtranxs_widget ul li:hover { opacity: 1; }\r\n.qtranxs_widget img { height:18px; width:30px; box-shadow: none; vertical-align: middle; display: initial; }\r\n.qtranxs_flag_and_text { padding-left:10px; }\r\n.qtranxs_flag span { display:none; }\r\n<\/style>\n<li id=\"qtranslate-2\" class=\"widget qtranxs_widget\">\n<ul class=\"language-chooser language-chooser-image qtranxs_language_chooser\" id=\"qtranslate-2-chooser\">\n<li class=\"lang-en\"><a href=\"https:\/\/www.dolphin-house.com\/en\/wp-json\/wp\/v2\/pages\/337\" hreflang=\"en\" title=\"English (en)\" class=\"qtranxs_image qtranxs_image_en\"><img decoding=\"async\" src=\"https:\/\/www.dolphin-house.com\/wp-content\/plugins\/qtranslate-x\/flags\/gb.png\" alt=\"English (en)\" \/><span style=\"display:none\">English<\/span><\/a><\/li>\n<li class=\"lang-fr active\"><a href=\"https:\/\/www.dolphin-house.com\/fr\/wp-json\/wp\/v2\/pages\/337\" hreflang=\"fr\" title=\"Fran\u00e7ais (fr)\" class=\"qtranxs_image qtranxs_image_fr\"><img decoding=\"async\" src=\"https:\/\/www.dolphin-house.com\/wp-content\/plugins\/qtranslate-x\/flags\/fr.png\" alt=\"Fran\u00e7ais (fr)\" \/><span style=\"display:none\">Fran\u00e7ais<\/span><\/a><\/li>\n<li class=\"lang-de\"><a href=\"https:\/\/www.dolphin-house.com\/de\/wp-json\/wp\/v2\/pages\/337\" hreflang=\"de\" title=\"Deutsch (de)\" class=\"qtranxs_image qtranxs_image_de\"><img decoding=\"async\" src=\"https:\/\/www.dolphin-house.com\/wp-content\/plugins\/qtranslate-x\/flags\/de.png\" alt=\"Deutsch (de)\" \/><span style=\"display:none\">Deutsch<\/span><\/a><\/li>\n<\/ul><div class=\"qtranxs_widget_end\"><\/div>\n<\/li><\/ul><\/div><!-- widgets_on_page -->[\/vc_column_text][vc_custom_heading text=&#8221;Restauration&#8221; font_container=&#8221;tag:h1|text_align:center|color:%23ffffff&#8221; google_fonts=&#8221;font_family:Cinzel%3Aregular%2C700%2C900|font_style:400%20regular%3A400%3Anormal&#8221;][vc_column_text]<\/p>\n<p style=\"text-align: center;\"><a href=\"https:\/\/app-apac.thebookingbutton.com\/properties\/dolphinhousemoalboaldirect\" target=\"_blank\" rel=\"noopener noreferrer\"><img loading=\"lazy\" decoding=\"async\" class=\"alignnone wp-image-648\" src=\"http:\/\/www.dolphin-house.com\/wp-content\/uploads\/2019\/10\/book-now_fr-300x105.png\" alt=\"\" width=\"120\" height=\"42\" srcset=\"https:\/\/www.dolphin-house.com\/wp-content\/uploads\/2019\/10\/book-now_fr-300x105.png 300w, https:\/\/www.dolphin-house.com\/wp-content\/uploads\/2019\/10\/book-now_fr-24x8.png 24w, https:\/\/www.dolphin-house.com\/wp-content\/uploads\/2019\/10\/book-now_fr-36x13.png 36w, https:\/\/www.dolphin-house.com\/wp-content\/uploads\/2019\/10\/book-now_fr-48x17.png 48w, https:\/\/www.dolphin-house.com\/wp-content\/uploads\/2019\/10\/book-now_fr.png 617w\" sizes=\"(max-width: 120px) 100vw, 120px\" \/><\/a><\/p>\n<p>[\/vc_column_text][vc_single_image image=&#8221;253&#8243; img_size=&#8221;full&#8221; alignment=&#8221;center&#8221;][vc_custom_heading text=&#8221;Le meilleur des deux mondes avec notre cuisine fusion raffin\u00e9e accompagn\u00e9e d&#8217;une grande vari\u00e9t\u00e9 de cocktails&#8221; font_container=&#8221;tag:h6|text_align:center|color:%23ffffff|line_height:1.5&#8243; google_fonts=&#8221;font_family:Volkhov%3Aregular%2Citalic%2C700%2C700italic|font_style:400%20italic%3A400%3Aitalic&#8221;][vc_row_inner][vc_column_inner][\/vc_column_inner][\/vc_row_inner][\/vc_column][\/vc_row][vc_row full_width=&#8221;stretch_row&#8221; css=&#8221;.vc_custom_1559203606882{padding-top: 40px !important;padding-bottom: 10px !important;background-color: #ffffff !important;}&#8221;][vc_column width=&#8221;1\/3&#8243;][vc_column_text]<div class=\"arve\" data-mode=\"normal\" data-provider=\"iframe\" id=\"arve-iframe-69df3b3964e1e622848224\">\n<span class=\"arve-inner\">\n<span class=\"arve-embed arve-embed--has-aspect-ratio\" style=\"aspect-ratio: 1 \/ 1\">\n<span class=\"arve-ar\" style=\"padding-top:100.000000%\"><\/span><iframe allow=\"accelerometer; autoplay; clipboard-write; encrypted-media; gyroscope; picture-in-picture\" allowfullscreen class=\"arve-iframe fitvidsignore\" data-arve=\"arve-iframe-69df3b3964e1e622848224\" data-src-no-ap=\"http:\/\/www.dolphin-house.com\/virtualtours\/dh2019\/restaurant.html\" frameborder=\"0\" height=\"0\" sandbox=\"allow-scripts allow-same-origin allow-presentation allow-popups allow-popups-to-escape-sandbox\" scrolling=\"no\" src=\"http:\/\/www.dolphin-house.com\/virtualtours\/dh2019\/restaurant.html\"><\/iframe>\n\n<\/span>\n\n<\/span>\n<script type=\"application\/ld+json\">{\"@context\":\"http:\\\/\\\/schema.org\\\/\",\"@id\":\"https:\\\/\\\/www.dolphin-house.com\\\/fr\\\/food-beverage\\\/#arve-iframe-69df3b3964e1e622848224\",\"type\":\"VideoObject\",\"embedURL\":\"http:\\\/\\\/www.dolphin-house.com\\\/virtualtours\\\/dh2019\\\/restaurant.html\"}<\/script>\n<\/div>\n[\/vc_column_text][\/vc_column][vc_column width=&#8221;2\/3&#8243;][vc_column_text]<\/p>\n<h4 style=\"color: #000000; border-bottom: 1px solid red; text-align: left;\">Le restaurant<\/h4>\n<p style=\"color: #000000; text-align: left;\">Profitez d&#8217;une exp\u00e9rience culinaire gastronomique 5 \u00e9toiles dans notre restaurant avec vue sur la mer, o\u00f9 vous aurez le choix d&#8217;une grande vari\u00e9t\u00e9 de sp\u00e9cialit\u00e9s asiatiques et philippino-hispaniques.<\/p>\n<p>[\/vc_column_text][vc_column_text css=&#8221;.vc_custom_1566190270765{padding-top: 25px !important;}&#8221;]<\/p>\n<style type=\"text\/css\">\r\n\t#foogallery-gallery-552_1 .fg-image {\r\n        width: 230px;\r\n    }\r\n<\/style>\r\n\t\t\t\t<div class=\"foogallery foogallery-container foogallery-default foogallery-lightbox-foobox fg-gutter-10 fg-center fg-default fg-dark fg-border-thin fg-shadow-outline fg-loading-default fg-loaded-fade-in fg-hover-scale fg-caption-hover fg-hover-fade fg-hover-zoom fg-ready\" id=\"foogallery-gallery-552_1\" data-foogallery=\"{&quot;item&quot;:{&quot;showCaptionTitle&quot;:true,&quot;showCaptionDescription&quot;:true},&quot;lazy&quot;:true,&quot;paging&quot;:{&quot;type&quot;:&quot;dots&quot;,&quot;theme&quot;:&quot;fg-light&quot;,&quot;size&quot;:3,&quot;position&quot;:&quot;bottom&quot;,&quot;scrollToTop&quot;:false,&quot;output&quot;:&quot;html&quot;}}\" >\r\n\t<div class=\"fg-item fg-type-image fg-idle\"><figure class=\"fg-item-inner\"><a href=\"https:\/\/www.dolphin-house.com\/wp-content\/uploads\/2019\/05\/restaurant07.jpg\" data-attachment-id=\"124\" data-type=\"image\" class=\"fg-thumb\"><span class=\"fg-image-wrap\"><img decoding=\"async\" width=\"230\" height=\"150\" class=\"skip-lazy fg-image\" data-src-fg=\"https:\/\/www.dolphin-house.com\/wp-content\/uploads\/cache\/2019\/05\/restaurant07\/3941299547.jpg\" src=\"data:image\/svg+xml,%3Csvg%20xmlns%3D%22http%3A%2F%2Fwww.w3.org%2F2000%2Fsvg%22%20width%3D%22230%22%20height%3D%22150%22%20viewBox%3D%220%200%20230%20150%22%3E%3C%2Fsvg%3E\" loading=\"eager\"><\/span><span class=\"fg-image-overlay\"><\/span><\/a><figcaption class=\"fg-caption\"><div class=\"fg-caption-inner\"><\/div><\/figcaption><\/figure><div class=\"fg-loader\"><\/div><\/div><div class=\"fg-item fg-type-image fg-idle\"><figure class=\"fg-item-inner\"><a href=\"https:\/\/www.dolphin-house.com\/wp-content\/uploads\/2019\/05\/restaurant06.jpg\" data-attachment-id=\"123\" data-type=\"image\" class=\"fg-thumb\"><span class=\"fg-image-wrap\"><img decoding=\"async\" width=\"230\" height=\"150\" class=\"skip-lazy fg-image\" data-src-fg=\"https:\/\/www.dolphin-house.com\/wp-content\/uploads\/cache\/2019\/05\/restaurant06\/379325100.jpg\" src=\"data:image\/svg+xml,%3Csvg%20xmlns%3D%22http%3A%2F%2Fwww.w3.org%2F2000%2Fsvg%22%20width%3D%22230%22%20height%3D%22150%22%20viewBox%3D%220%200%20230%20150%22%3E%3C%2Fsvg%3E\" loading=\"eager\"><\/span><span class=\"fg-image-overlay\"><\/span><\/a><figcaption class=\"fg-caption\"><div class=\"fg-caption-inner\"><\/div><\/figcaption><\/figure><div class=\"fg-loader\"><\/div><\/div><div class=\"fg-item fg-type-image fg-idle\"><figure class=\"fg-item-inner\"><a href=\"https:\/\/www.dolphin-house.com\/wp-content\/uploads\/2019\/05\/restaurant05.jpg\" data-attachment-id=\"122\" data-type=\"image\" class=\"fg-thumb\"><span class=\"fg-image-wrap\"><img decoding=\"async\" width=\"230\" height=\"150\" class=\"skip-lazy fg-image\" data-src-fg=\"https:\/\/www.dolphin-house.com\/wp-content\/uploads\/cache\/2019\/05\/restaurant05\/1550305217.jpg\" src=\"data:image\/svg+xml,%3Csvg%20xmlns%3D%22http%3A%2F%2Fwww.w3.org%2F2000%2Fsvg%22%20width%3D%22230%22%20height%3D%22150%22%20viewBox%3D%220%200%20230%20150%22%3E%3C%2Fsvg%3E\" loading=\"eager\"><\/span><span class=\"fg-image-overlay\"><\/span><\/a><figcaption class=\"fg-caption\"><div class=\"fg-caption-inner\"><\/div><\/figcaption><\/figure><div class=\"fg-loader\"><\/div><\/div><div class=\"fg-item fg-type-image fg-idle fg-hidden\"><figure class=\"fg-item-inner\"><a href=\"https:\/\/www.dolphin-house.com\/wp-content\/uploads\/2019\/05\/restaurant04.jpg\" data-attachment-id=\"121\" data-type=\"image\" class=\"fg-thumb\"><span class=\"fg-image-wrap\"><img decoding=\"async\" width=\"230\" height=\"150\" class=\"skip-lazy fg-image\" data-src-fg=\"https:\/\/www.dolphin-house.com\/wp-content\/uploads\/cache\/2019\/05\/restaurant04\/119643788.jpg\" src=\"data:image\/svg+xml,%3Csvg%20xmlns%3D%22http%3A%2F%2Fwww.w3.org%2F2000%2Fsvg%22%20width%3D%22230%22%20height%3D%22150%22%20viewBox%3D%220%200%20230%20150%22%3E%3C%2Fsvg%3E\" loading=\"eager\"><\/span><span class=\"fg-image-overlay\"><\/span><\/a><figcaption class=\"fg-caption\"><div class=\"fg-caption-inner\"><\/div><\/figcaption><\/figure><div class=\"fg-loader\"><\/div><\/div><div class=\"fg-item fg-type-image fg-idle fg-hidden\"><figure class=\"fg-item-inner\"><a href=\"https:\/\/www.dolphin-house.com\/wp-content\/uploads\/2019\/05\/restaurant03.jpg\" data-attachment-id=\"120\" data-type=\"image\" class=\"fg-thumb\"><span class=\"fg-image-wrap\"><img decoding=\"async\" width=\"230\" height=\"150\" class=\"skip-lazy fg-image\" data-src-fg=\"https:\/\/www.dolphin-house.com\/wp-content\/uploads\/cache\/2019\/05\/restaurant03\/3381681435.jpg\" src=\"data:image\/svg+xml,%3Csvg%20xmlns%3D%22http%3A%2F%2Fwww.w3.org%2F2000%2Fsvg%22%20width%3D%22230%22%20height%3D%22150%22%20viewBox%3D%220%200%20230%20150%22%3E%3C%2Fsvg%3E\" loading=\"eager\"><\/span><span class=\"fg-image-overlay\"><\/span><\/a><figcaption class=\"fg-caption\"><div class=\"fg-caption-inner\"><\/div><\/figcaption><\/figure><div class=\"fg-loader\"><\/div><\/div><div class=\"fg-item fg-type-image fg-idle fg-hidden\"><figure class=\"fg-item-inner\"><a href=\"https:\/\/www.dolphin-house.com\/wp-content\/uploads\/2019\/05\/restaurant02.jpg\" data-attachment-id=\"119\" data-type=\"image\" class=\"fg-thumb\"><span class=\"fg-image-wrap\"><img decoding=\"async\" width=\"230\" height=\"150\" class=\"skip-lazy fg-image\" data-src-fg=\"https:\/\/www.dolphin-house.com\/wp-content\/uploads\/cache\/2019\/05\/restaurant02\/1259385609.jpg\" src=\"data:image\/svg+xml,%3Csvg%20xmlns%3D%22http%3A%2F%2Fwww.w3.org%2F2000%2Fsvg%22%20width%3D%22230%22%20height%3D%22150%22%20viewBox%3D%220%200%20230%20150%22%3E%3C%2Fsvg%3E\" loading=\"eager\"><\/span><span class=\"fg-image-overlay\"><\/span><\/a><figcaption class=\"fg-caption\"><div class=\"fg-caption-inner\"><\/div><\/figcaption><\/figure><div class=\"fg-loader\"><\/div><\/div><div class=\"fg-item fg-type-image fg-idle fg-hidden\"><figure class=\"fg-item-inner\"><a href=\"https:\/\/www.dolphin-house.com\/wp-content\/uploads\/2019\/05\/restaurant01.jpg\" data-attachment-id=\"118\" data-type=\"image\" class=\"fg-thumb\"><span class=\"fg-image-wrap\"><img decoding=\"async\" width=\"230\" height=\"150\" class=\"skip-lazy fg-image\" data-src-fg=\"https:\/\/www.dolphin-house.com\/wp-content\/uploads\/cache\/2019\/05\/restaurant01\/32210532.jpg\" src=\"data:image\/svg+xml,%3Csvg%20xmlns%3D%22http%3A%2F%2Fwww.w3.org%2F2000%2Fsvg%22%20width%3D%22230%22%20height%3D%22150%22%20viewBox%3D%220%200%20230%20150%22%3E%3C%2Fsvg%3E\" loading=\"eager\"><\/span><span class=\"fg-image-overlay\"><\/span><\/a><figcaption class=\"fg-caption\"><div class=\"fg-caption-inner\"><\/div><\/figcaption><\/figure><div class=\"fg-loader\"><\/div><\/div><\/div>\r\n<nav id=\"foogallery-gallery-552_1_paging-bottom\" class=\"fg-paging-container fg-ph-dots\"><\/nav>\n<p>[\/vc_column_text][\/vc_column][\/vc_row][vc_row full_width=&#8221;stretch_row&#8221; css=&#8221;.vc_custom_1559203647256{padding-top: 40px !important;padding-bottom: 10px !important;background-color: #000000 !important;}&#8221;][vc_column width=&#8221;1\/4&#8243;][vc_column_text]<\/p>\n<h4 style=\"color: #ffffff; border-bottom: 1px solid red; text-align: left;\">Bar Ning-Ning<\/h4>\n<p style=\"color: #ffffff; text-align: left;\">Sirotez un cocktail exotique \u00e0 notre bar &#8220;Ningning&#8221; en admirant le coucher du soleil ou en chantant avec nos guides de plong\u00e9e.<\/p>\n<p>[\/vc_column_text][\/vc_column][vc_column width=&#8221;3\/4&#8243;][vc_column_text]<img loading=\"lazy\" decoding=\"async\" class=\"aligncenter wp-image-24 size-full\" src=\"http:\/\/www.dolphin-house.com\/wp-content\/uploads\/2019\/05\/bar_background.jpg\" alt=\"\" width=\"1000\" height=\"300\" srcset=\"https:\/\/www.dolphin-house.com\/wp-content\/uploads\/2019\/05\/bar_background.jpg 1000w, https:\/\/www.dolphin-house.com\/wp-content\/uploads\/2019\/05\/bar_background-300x90.jpg 300w, https:\/\/www.dolphin-house.com\/wp-content\/uploads\/2019\/05\/bar_background-768x230.jpg 768w, https:\/\/www.dolphin-house.com\/wp-content\/uploads\/2019\/05\/bar_background-24x7.jpg 24w, https:\/\/www.dolphin-house.com\/wp-content\/uploads\/2019\/05\/bar_background-36x11.jpg 36w, https:\/\/www.dolphin-house.com\/wp-content\/uploads\/2019\/05\/bar_background-48x14.jpg 48w\" sizes=\"(max-width: 1000px) 100vw, 1000px\" \/>[\/vc_column_text][\/vc_column][\/vc_row][vc_row full_width=&#8221;stretch_row&#8221; css=&#8221;.vc_custom_1559203670481{padding-top: 40px !important;padding-bottom: 10px !important;background-color: #ffffff !important;}&#8221;][vc_column width=&#8221;1\/4&#8243;][vc_column_text]<\/p>\n<h4 style=\"color: #000000; border-bottom: 1px solid red; text-align: left;\">Salon Titanic<\/h4>\n<p style=\"color: #000000; text-align: left;\">D\u00e9couvrez la vue panoramique de notre espace salon \u00e9quip\u00e9 d\u2019un billard, de jeux de fl\u00e9chettes, d\u2019une biblioth\u00e8que, d\u2019un ordinateur, d\u2019un acc\u00e8s WIFI et d\u2019un balcon avec vue spectaculaire sur la mer d\u2019un bleu \u00e9clatant.<\/p>\n<p>[\/vc_column_text][\/vc_column][vc_column width=&#8221;3\/4&#8243;][vc_column_text]<div class=\"arve\" data-mode=\"normal\" data-provider=\"iframe\" id=\"arve-iframe-69df3b3967cbd858705121\">\n<span class=\"arve-inner\">\n<span class=\"arve-embed arve-embed--has-aspect-ratio\" style=\"aspect-ratio: 3 \/ 1\">\n<span class=\"arve-ar\" style=\"padding-top:33.333333%\"><\/span><iframe allow=\"accelerometer; autoplay; clipboard-write; encrypted-media; gyroscope; picture-in-picture\" allowfullscreen class=\"arve-iframe fitvidsignore\" data-arve=\"arve-iframe-69df3b3967cbd858705121\" data-src-no-ap=\"http:\/\/www.dolphin-house.com\/virtualtours\/dh2019\/lounge.html\" frameborder=\"0\" height=\"0\" sandbox=\"allow-scripts allow-same-origin allow-presentation allow-popups allow-popups-to-escape-sandbox\" scrolling=\"no\" src=\"http:\/\/www.dolphin-house.com\/virtualtours\/dh2019\/lounge.html\"><\/iframe>\n\n<\/span>\n\n<\/span>\n<script type=\"application\/ld+json\">{\"@context\":\"http:\\\/\\\/schema.org\\\/\",\"@id\":\"https:\\\/\\\/www.dolphin-house.com\\\/fr\\\/food-beverage\\\/#arve-iframe-69df3b3967cbd858705121\",\"type\":\"VideoObject\",\"embedURL\":\"http:\\\/\\\/www.dolphin-house.com\\\/virtualtours\\\/dh2019\\\/lounge.html\"}<\/script>\n<\/div>\n[\/vc_column_text][\/vc_column][\/vc_row]<\/p>\n<p><\/p>\n<\/div>","protected":false},"excerpt":{"rendered":"<p>[vc_row full_width=&#8221;stretch_row_content_no_spaces&#8221; full_height=&#8221;yes&#8221;][vc_column][rev_slider_vc alias=&#8221;wellbeing&#8221;][\/vc_column][\/vc_row][vc_row full_width=&#8221;stretch_row&#8221; full_height=&#8221;yes&#8221; css=&#8221;.vc_custom_1560062642749{padding-top: 40px !important;padding-bottom: 0px !important;background-color: #000000 !important;}&#8221;][vc_column][vc_column_text][\/vc_column_text][vc_custom_heading text=&#8221;Restauration&#8221; font_container=&#8221;tag:h1|text_align:center|color:%23ffffff&#8221; google_fonts=&#8221;font_family:Cinzel%3Aregular%2C700%2C900|font_style:400%20regular%3A400%3Anormal&#8221;][vc_column_text] [\/vc_column_text][vc_single_image image=&#8221;253&#8243; img_size=&#8221;full&#8221; alignment=&#8221;center&#8221;][vc_custom_heading text=&#8221;Le meilleur des deux mondes avec notre cuisine fusion raffin\u00e9e accompagn\u00e9e d&#8217;une grande vari\u00e9t\u00e9 de cocktails&#8221; font_container=&#8221;tag:h6|text_align:center|color:%23ffffff|line_height:1.5&#8243; google_fonts=&#8221;font_family:Volkhov%3Aregular%2Citalic%2C700%2C700italic|font_style:400%20italic%3A400%3Aitalic&#8221;][vc_row_inner][vc_column_inner][\/vc_column_inner][\/vc_row_inner][\/vc_column][\/vc_row][vc_row full_width=&#8221;stretch_row&#8221; css=&#8221;.vc_custom_1559203606882{padding-top: 40px !important;padding-bottom: 10px !important;background-color: #ffffff !important;}&#8221;][vc_column width=&#8221;1\/3&#8243;][vc_column_text][\/vc_column_text][\/vc_column][vc_column width=&#8221;2\/3&#8243;][vc_column_text] Le restaurant Profitez d&#8217;une exp\u00e9rience culinaire gastronomique [&hellip;]<\/p>\n","protected":false},"author":1,"featured_media":0,"parent":0,"menu_order":0,"comment_status":"closed","ping_status":"closed","template":"","meta":{"footnotes":""},"_links":{"self":[{"href":"https:\/\/www.dolphin-house.com\/fr\/wp-json\/wp\/v2\/pages\/337"}],"collection":[{"href":"https:\/\/www.dolphin-house.com\/fr\/wp-json\/wp\/v2\/pages"}],"about":[{"href":"https:\/\/www.dolphin-house.com\/fr\/wp-json\/wp\/v2\/types\/page"}],"author":[{"embeddable":true,"href":"https:\/\/www.dolphin-house.com\/fr\/wp-json\/wp\/v2\/users\/1"}],"replies":[{"embeddable":true,"href":"https:\/\/www.dolphin-house.com\/fr\/wp-json\/wp\/v2\/comments?post=337"}],"version-history":[{"count":28,"href":"https:\/\/www.dolphin-house.com\/fr\/wp-json\/wp\/v2\/pages\/337\/revisions"}],"predecessor-version":[{"id":773,"href":"https:\/\/www.dolphin-house.com\/fr\/wp-json\/wp\/v2\/pages\/337\/revisions\/773"}],"wp:attachment":[{"href":"https:\/\/www.dolphin-house.com\/fr\/wp-json\/wp\/v2\/media?parent=337"}],"curies":[{"name":"wp","href":"https:\/\/api.w.org\/{rel}","templated":true}]}}